{"id":2,"date":"2022-05-18T05:45:51","date_gmt":"2022-05-18T05:45:51","guid":{"rendered":"http:\/\/plastic-bushings.net\/?page_id=2"},"modified":"2022-05-18T06:07:37","modified_gmt":"2022-05-18T06:07:37","slug":"kontakt-os","status":"publish","type":"page","link":"https:\/\/plastic-bushings.net\/da\/kontakt-os\/","title":{"rendered":"Kontakt os"},"content":{"rendered":"<h1 class=\"entry-title main_title\">Plastb\u00f8sninger<\/h1>\r\n<div class=\"entry-content\">\r\n<div class=\"entry-content\">\r\n<p>Som en af \u200b\u200bde f\u00f8rende producenter, leverand\u00f8rer og eksport\u00f8rer af mekaniske produkter af plastb\u00f8sninger, tilbyder vi plastb\u00f8sninger og mange andre produkter.<\/p>\r\n<p>Kontakt os venligst for yderligere oplysninger.<\/p>\r\n<p><strong>Post:<a href=\"mailto:sales@plastic-bushings.net\">sales@plastic-bushings.net<\/a><br \/><\/strong><\/p>\r\n<p>Producent, leverand\u00f8r og eksport\u00f8r af plastb\u00f8sninger.<\/p>\r\n<p>&nbsp;<\/p>\r\n<div class=\"entry-content\">\r\n<p>Vi specialiserer os i produktion af landbrugsgearkasser, PTO-aksler, tandhjul, v\u00e6skekoblinger, snekkegear, gear og tandst\u00e6nger, rullek\u00e6der, skiver og remskiver, planetgearkasser, tandremskiver, akselringe og meget mere.<\/p>\r\n<p>Vi har eksporteret vores produkter til kunder over hele verden og har opn\u00e5et et godt omd\u00f8mme p\u00e5 grund af vores overlegne produktkvalitet og eftersalgsservice.<\/p>\r\n<p>Vi byder kunder i b\u00e5de ind- og udland varmt velkommen til at kontakte os for at forhandle forretninger, udveksle information og samarbejde med os.<\/p>\r\n<\/div>\r\n<\/div>\r\n<\/div>","protected":false},"excerpt":{"rendered":"<p>Plastic bushings As one of the leading plastic bushings manufacturers, suppliers, and exporters of mechanical products, We offer plastic bushings and many other products. Please get in touch with us for details. Mail:sales@plastic-bushings.net Manufacturer supplier exporter of plastic bushings. &nbsp; We specialize in the production of Agricultural Gearbox, PTO Shafts, Sprockets, Fluid Coupling, Worm Gear [&hellip;]<\/p>","protected":false},"author":1,"featured_media":0,"parent":0,"menu_order":0,"comment_status":"closed","ping_status":"closed","template":"","meta":{"_et_pb_use_builder":"","_et_pb_old_content":"","_et_gb_content_width":"","footnotes":""},"class_list":["post-2","page","type-page","status-publish","hentry"],"_links":{"self":[{"href":"https:\/\/plastic-bushings.net\/da\/wp-json\/wp\/v2\/pages\/2","targetHints":{"allow":["GET"]}}],"collection":[{"href":"https:\/\/plastic-bushings.net\/da\/wp-json\/wp\/v2\/pages"}],"about":[{"href":"https:\/\/plastic-bushings.net\/da\/wp-json\/wp\/v2\/types\/page"}],"author":[{"embeddable":true,"href":"https:\/\/plastic-bushings.net\/da\/wp-json\/wp\/v2\/users\/1"}],"replies":[{"embeddable":true,"href":"https:\/\/plastic-bushings.net\/da\/wp-json\/wp\/v2\/comments?post=2"}],"version-history":[{"count":2,"href":"https:\/\/plastic-bushings.net\/da\/wp-json\/wp\/v2\/pages\/2\/revisions"}],"predecessor-version":[{"id":8,"href":"https:\/\/plastic-bushings.net\/da\/wp-json\/wp\/v2\/pages\/2\/revisions\/8"}],"wp:attachment":[{"href":"https:\/\/plastic-bushings.net\/da\/wp-json\/wp\/v2\/media?parent=2"}],"curies":[{"name":"wp","href":"https:\/\/api.w.org\/{rel}","templated":true}]}}