{"id":2,"date":"2022-05-18T05:45:51","date_gmt":"2022-05-18T05:45:51","guid":{"rendered":"http:\/\/plastic-bushings.net\/?page_id=2"},"modified":"2022-05-18T06:07:37","modified_gmt":"2022-05-18T06:07:37","slug":"lien-he-voi-chung-toi","status":"publish","type":"page","link":"https:\/\/plastic-bushings.net\/vi\/lien-he-voi-chung-toi\/","title":{"rendered":"Li\u00ean h\u1ec7 v\u1edbi ch\u00fang t\u00f4i"},"content":{"rendered":"<h1 class=\"entry-title main_title\">\u1ed0ng l\u00f3t nh\u1ef1a<\/h1>\r\n<div class=\"entry-content\">\r\n<div class=\"entry-content\">\r\n<p>L\u00e0 m\u1ed9t trong nh\u1eefng nh\u00e0 s\u1ea3n xu\u1ea5t, cung c\u1ea5p v\u00e0 xu\u1ea5t kh\u1ea9u \u1ed1ng l\u00f3t nh\u1ef1a h\u00e0ng \u0111\u1ea7u v\u1ec1 s\u1ea3n ph\u1ea9m c\u01a1 kh\u00ed, ch\u00fang t\u00f4i cung c\u1ea5p \u1ed1ng l\u00f3t nh\u1ef1a v\u00e0 nhi\u1ec1u s\u1ea3n ph\u1ea9m kh\u00e1c.<\/p>\r\n<p>Vui l\u00f2ng li\u00ean h\u1ec7 v\u1edbi ch\u00fang t\u00f4i \u0111\u1ec3 bi\u1ebft th\u00eam chi ti\u1ebft.<\/p>\r\n<p><strong>Th\u01b0:<a href=\"mailto:sales@plastic-bushings.net\">sales@plastic-busings.net<\/a><br \/><\/strong><\/p>\r\n<p>Nh\u00e0 s\u1ea3n xu\u1ea5t, nh\u00e0 cung c\u1ea5p v\u00e0 xu\u1ea5t kh\u1ea9u \u1ed1ng l\u00f3t b\u1eb1ng nh\u1ef1a.<\/p>\r\n<p>&nbsp;<\/p>\r\n<div class=\"entry-content\">\r\n<p>Ch\u00fang t\u00f4i chuy\u00ean s\u1ea3n xu\u1ea5t H\u1ed9p s\u1ed1 n\u00f4ng nghi\u1ec7p, Tr\u1ee5c PTO, B\u00e1nh r\u0103ng, Kh\u1edbp n\u1ed1i ch\u1ea5t l\u1ecfng, B\u1ed9 gi\u1ea3m t\u1ed1c tr\u1ee5c v\u00edt, B\u00e1nh r\u0103ng v\u00e0 thanh r\u0103ng, X\u00edch con l\u0103n, R\u00f2ng r\u1ecdc v\u00e0 Puly, H\u1ed9p s\u1ed1 h\u00e0nh tinh, Puly \u0111\u1ecbnh th\u1eddi, V\u00f2ng \u0111\u1ec7m tr\u1ee5c v\u00e0 nhi\u1ec1u s\u1ea3n ph\u1ea9m kh\u00e1c.<\/p>\r\n<p>Ch\u00fang t\u00f4i \u0111\u00e3 xu\u1ea5t kh\u1ea9u s\u1ea3n ph\u1ea9m c\u1ee7a m\u00ecnh t\u1edbi kh\u00e1ch h\u00e0ng tr\u00ean to\u00e0n th\u1ebf gi\u1edbi v\u00e0 \u0111\u1ea1t \u0111\u01b0\u1ee3c danh ti\u1ebfng t\u1ed1t nh\u1edd ch\u1ea5t l\u01b0\u1ee3ng s\u1ea3n ph\u1ea9m v\u01b0\u1ee3t tr\u1ed9i v\u00e0 d\u1ecbch v\u1ee5 sau b\u00e1n h\u00e0ng.<\/p>\r\n<p>Ch\u00fang t\u00f4i n\u1ed3ng nhi\u1ec7t ch\u00e0o \u0111\u00f3n kh\u00e1ch h\u00e0ng trong v\u00e0 ngo\u00e0i n\u01b0\u1edbc li\u00ean h\u1ec7 v\u1edbi ch\u00fang t\u00f4i \u0111\u1ec3 \u0111\u00e0m ph\u00e1n kinh doanh, trao \u0111\u1ed5i th\u00f4ng tin v\u00e0 h\u1ee3p t\u00e1c v\u1edbi ch\u00fang t\u00f4i.<\/p>\r\n<\/div>\r\n<\/div>\r\n<\/div>","protected":false},"excerpt":{"rendered":"<p>Plastic bushings As one of the leading plastic bushings manufacturers, suppliers, and exporters of mechanical products, We offer plastic bushings and many other products. Please get in touch with us for details. Mail:sales@plastic-bushings.net Manufacturer supplier exporter of plastic bushings. &nbsp; We specialize in the production of Agricultural Gearbox, PTO Shafts, Sprockets, Fluid Coupling, Worm Gear [&hellip;]<\/p>","protected":false},"author":1,"featured_media":0,"parent":0,"menu_order":0,"comment_status":"closed","ping_status":"closed","template":"","meta":{"_et_pb_use_builder":"","_et_pb_old_content":"","_et_gb_content_width":"","footnotes":""},"class_list":["post-2","page","type-page","status-publish","hentry"],"_links":{"self":[{"href":"https:\/\/plastic-bushings.net\/vi\/wp-json\/wp\/v2\/pages\/2","targetHints":{"allow":["GET"]}}],"collection":[{"href":"https:\/\/plastic-bushings.net\/vi\/wp-json\/wp\/v2\/pages"}],"about":[{"href":"https:\/\/plastic-bushings.net\/vi\/wp-json\/wp\/v2\/types\/page"}],"author":[{"embeddable":true,"href":"https:\/\/plastic-bushings.net\/vi\/wp-json\/wp\/v2\/users\/1"}],"replies":[{"embeddable":true,"href":"https:\/\/plastic-bushings.net\/vi\/wp-json\/wp\/v2\/comments?post=2"}],"version-history":[{"count":2,"href":"https:\/\/plastic-bushings.net\/vi\/wp-json\/wp\/v2\/pages\/2\/revisions"}],"predecessor-version":[{"id":8,"href":"https:\/\/plastic-bushings.net\/vi\/wp-json\/wp\/v2\/pages\/2\/revisions\/8"}],"wp:attachment":[{"href":"https:\/\/plastic-bushings.net\/vi\/wp-json\/wp\/v2\/media?parent=2"}],"curies":[{"name":"wp","href":"https:\/\/api.w.org\/{rel}","templated":true}]}}